{"id":5220,"date":"2022-05-04T15:39:38","date_gmt":"2022-05-04T15:39:38","guid":{"rendered":"https:\/\/www.stalskog.se\/produkt\/2-phase-jskf-skf12-skn120\/"},"modified":"2025-08-25T14:22:58","modified_gmt":"2025-08-25T14:22:58","slug":"2-phase-jskf-skf12-skn120","status":"publish","type":"product","link":"https:\/\/www.stalskog.se\/fi\/tuote\/2-phase-jskf-skf12-skn120\/","title":{"rendered":"2-vaiheinen JSKF \/ SKF12 \/ SKN120"},"content":{"rendered":"<p>2-vaiheinen oikosulkukisko<\/p>\n<p>Kiskot on valmistettu hopeoidusta alumiiniseoksesta, ja niiss\u00e4 on urat kiskokannattimeen liitt\u00e4mist\u00e4 varten. Kiskoja ja kiskokannattimia k\u00e4ytet\u00e4\u00e4n MGV-, MDV\/MSV-k\u00e4ytt\u00f6tangolla. Johtimenpidike JFS 21 liitet\u00e4\u00e4n liittimeen JKS.<br \/>\nJohtosokka JLA liitet\u00e4\u00e4n kiinte\u00e4\u00e4n maadoitusliittimeen JBF tai JVF.<br \/>\nKiskon pinta-ala enint\u00e4\u00e4n 150 mm2. Kiskon pituus max. 1000 mm.<br \/>\nTilauksen yhteydess\u00e4 on ilmoitettava kaapelin pinta-ala ja pituus sek\u00e4 vaihev\u00e4li oikean kiskon pituuden saamiseksi.   <\/p>\n","protected":false},"excerpt":{"rendered":"<p>2-vaiheinen oikosulkukisko Kiskot on valmistettu hopeoidusta alumiiniseoksesta, ja niiss\u00e4 on urat kiskokannattimeen liitt\u00e4mist\u00e4 varten. Kiskoja ja kiskokannattimia k\u00e4ytet\u00e4\u00e4n MGV-, MDV\/MSV-k\u00e4ytt\u00f6tangolla. Johtimenpidike JFS 21 liitet\u00e4\u00e4n liittimeen JKS. Johtosokka JLA liitet\u00e4\u00e4n kiinte\u00e4\u00e4n maadoitusliittimeen JBF tai JVF. Kiskon pinta-ala enint\u00e4\u00e4n 150 mm2. Kiskon pituus max. 1000 mm. Tilauksen yhteydess\u00e4 on ilmoitettava kaapelin pinta-ala ja pituus sek\u00e4 vaihev\u00e4li oikean [&hellip;]<\/p>\n","protected":false},"featured_media":5205,"comment_status":"closed","ping_status":"closed","template":"","meta":{"_acf_changed":false},"product_brand":[],"product_cat":[138,76,142,150],"product_tag":[],"class_list":{"0":"post-5220","1":"product","2":"type-product","3":"status-publish","4":"has-post-thumbnail","6":"product_cat-1-phase-fi","7":"product_cat-switchgear-fi","8":"product_cat-3-phase-fi","9":"product_cat-misc-fi","11":"first","12":"instock","13":"shipping-taxable","14":"product-type-simple"},"acf":[],"yoast_head":"<!-- This site is optimized with the Yoast SEO plugin v27.5 - https:\/\/yoast.com\/product\/yoast-seo-wordpress\/ -->\n<title>2-vaiheinen JSKF \/ SKF12 \/ SKN120 &#8211; Ragnar St\u00e5lskog<\/title>\n<meta name=\"description\" content=\"2-vaiheinen oikosulkukisko Kiskot on valmistettu hopeoidusta alumiiniseoksesta, ja niiss\u00e4 on urat kiskokannattimeen liitt\u00e4mist\u00e4 varten. Kiskoja ja\" \/>\n<meta name=\"robots\" content=\"index, follow, max-snippet:-1, max-image-preview:large, max-video-preview:-1\" \/>\n<link rel=\"canonical\" href=\"https:\/\/www.stalskog.se\/fi\/tuote\/2-phase-jskf-skf12-skn120\/\" \/>\n<meta property=\"og:locale\" content=\"fi_FI\" \/>\n<meta property=\"og:type\" content=\"article\" \/>\n<meta property=\"og:title\" content=\"2-vaiheinen JSKF \/ SKF12 \/ SKN120 &#8211; Ragnar St\u00e5lskog\" \/>\n<meta property=\"og:description\" content=\"2-vaiheinen oikosulkukisko Kiskot on valmistettu hopeoidusta alumiiniseoksesta, ja niiss\u00e4 on urat kiskokannattimeen liitt\u00e4mist\u00e4 varten. Kiskoja ja\" \/>\n<meta property=\"og:url\" content=\"https:\/\/www.stalskog.se\/fi\/tuote\/2-phase-jskf-skf12-skn120\/\" \/>\n<meta property=\"og:site_name\" content=\"Ragnar St\u00e5lskog\" \/>\n<meta property=\"article:modified_time\" content=\"2025-08-25T14:22:58+00:00\" \/>\n<meta property=\"og:image\" content=\"https:\/\/www.stalskog.se\/wp-content\/uploads\/2022\/05\/jskf.jpg\" \/>\n\t<meta property=\"og:image:width\" content=\"275\" \/>\n\t<meta property=\"og:image:height\" content=\"425\" \/>\n\t<meta property=\"og:image:type\" content=\"image\/jpeg\" \/>\n<meta name=\"twitter:card\" content=\"summary_large_image\" \/>\n<script type=\"application\/ld+json\" class=\"yoast-schema-graph\">{\"@context\":\"https:\\\/\\\/schema.org\",\"@graph\":[{\"@type\":\"WebPage\",\"@id\":\"https:\\\/\\\/www.stalskog.se\\\/fi\\\/tuote\\\/2-phase-jskf-skf12-skn120\\\/\",\"url\":\"https:\\\/\\\/www.stalskog.se\\\/fi\\\/tuote\\\/2-phase-jskf-skf12-skn120\\\/\",\"name\":\"2-vaiheinen JSKF \\\/ SKF12 \\\/ SKN120 &#8211; Ragnar St\u00e5lskog\",\"isPartOf\":{\"@id\":\"https:\\\/\\\/www.stalskog.se\\\/fi\\\/#website\"},\"primaryImageOfPage\":{\"@id\":\"https:\\\/\\\/www.stalskog.se\\\/fi\\\/tuote\\\/2-phase-jskf-skf12-skn120\\\/#primaryimage\"},\"image\":{\"@id\":\"https:\\\/\\\/www.stalskog.se\\\/fi\\\/tuote\\\/2-phase-jskf-skf12-skn120\\\/#primaryimage\"},\"thumbnailUrl\":\"https:\\\/\\\/www.stalskog.se\\\/wp-content\\\/uploads\\\/2022\\\/05\\\/jskf.jpg\",\"datePublished\":\"2022-05-04T15:39:38+00:00\",\"dateModified\":\"2025-08-25T14:22:58+00:00\",\"description\":\"2-vaiheinen oikosulkukisko Kiskot on valmistettu hopeoidusta alumiiniseoksesta, ja niiss\u00e4 on urat kiskokannattimeen liitt\u00e4mist\u00e4 varten. Kiskoja ja\",\"breadcrumb\":{\"@id\":\"https:\\\/\\\/www.stalskog.se\\\/fi\\\/tuote\\\/2-phase-jskf-skf12-skn120\\\/#breadcrumb\"},\"inLanguage\":\"fi\",\"potentialAction\":[{\"@type\":\"ReadAction\",\"target\":[\"https:\\\/\\\/www.stalskog.se\\\/fi\\\/tuote\\\/2-phase-jskf-skf12-skn120\\\/\"]}]},{\"@type\":\"ImageObject\",\"inLanguage\":\"fi\",\"@id\":\"https:\\\/\\\/www.stalskog.se\\\/fi\\\/tuote\\\/2-phase-jskf-skf12-skn120\\\/#primaryimage\",\"url\":\"https:\\\/\\\/www.stalskog.se\\\/wp-content\\\/uploads\\\/2022\\\/05\\\/jskf.jpg\",\"contentUrl\":\"https:\\\/\\\/www.stalskog.se\\\/wp-content\\\/uploads\\\/2022\\\/05\\\/jskf.jpg\",\"width\":275,\"height\":425},{\"@type\":\"BreadcrumbList\",\"@id\":\"https:\\\/\\\/www.stalskog.se\\\/fi\\\/tuote\\\/2-phase-jskf-skf12-skn120\\\/#breadcrumb\",\"itemListElement\":[{\"@type\":\"ListItem\",\"position\":1,\"name\":\"Hem\",\"item\":\"https:\\\/\\\/www.stalskog.se\\\/fi\\\/\"},{\"@type\":\"ListItem\",\"position\":2,\"name\":\"Produkter\",\"item\":\"https:\\\/\\\/www.stalskog.se\\\/?page_id=3235\"},{\"@type\":\"ListItem\",\"position\":3,\"name\":\"1. Switchgear\",\"item\":\"https:\\\/\\\/www.stalskog.se\\\/fi\\\/kategoria\\\/switchgear-fi\\\/\"},{\"@type\":\"ListItem\",\"position\":4,\"name\":\"2-vaiheinen JSKF \\\/ SKF12 \\\/ SKN120\"}]},{\"@type\":\"WebSite\",\"@id\":\"https:\\\/\\\/www.stalskog.se\\\/fi\\\/#website\",\"url\":\"https:\\\/\\\/www.stalskog.se\\\/fi\\\/\",\"name\":\"Ragnar St\u00e5lskog\",\"description\":\"\",\"publisher\":{\"@id\":\"https:\\\/\\\/www.stalskog.se\\\/fi\\\/#organization\"},\"potentialAction\":[{\"@type\":\"SearchAction\",\"target\":{\"@type\":\"EntryPoint\",\"urlTemplate\":\"https:\\\/\\\/www.stalskog.se\\\/fi\\\/?s={search_term_string}\"},\"query-input\":{\"@type\":\"PropertyValueSpecification\",\"valueRequired\":true,\"valueName\":\"search_term_string\"}}],\"inLanguage\":\"fi\"},{\"@type\":\"Organization\",\"@id\":\"https:\\\/\\\/www.stalskog.se\\\/fi\\\/#organization\",\"name\":\"Ragnar St\u00e5lskog\",\"url\":\"https:\\\/\\\/www.stalskog.se\\\/fi\\\/\",\"logo\":{\"@type\":\"ImageObject\",\"inLanguage\":\"fi\",\"@id\":\"https:\\\/\\\/www.stalskog.se\\\/fi\\\/#\\\/schema\\\/logo\\\/image\\\/\",\"url\":\"https:\\\/\\\/www.stalskog.se\\\/wp-content\\\/uploads\\\/2022\\\/03\\\/logo_o.png\",\"contentUrl\":\"https:\\\/\\\/www.stalskog.se\\\/wp-content\\\/uploads\\\/2022\\\/03\\\/logo_o.png\",\"width\":410,\"height\":99,\"caption\":\"Ragnar St\u00e5lskog\"},\"image\":{\"@id\":\"https:\\\/\\\/www.stalskog.se\\\/fi\\\/#\\\/schema\\\/logo\\\/image\\\/\"}}]}<\/script>\n<!-- \/ Yoast SEO plugin. -->","yoast_head_json":{"title":"2-vaiheinen JSKF \/ SKF12 \/ SKN120 &#8211; Ragnar St\u00e5lskog","description":"2-vaiheinen oikosulkukisko Kiskot on valmistettu hopeoidusta alumiiniseoksesta, ja niiss\u00e4 on urat kiskokannattimeen liitt\u00e4mist\u00e4 varten. Kiskoja ja","robots":{"index":"index","follow":"follow","max-snippet":"max-snippet:-1","max-image-preview":"max-image-preview:large","max-video-preview":"max-video-preview:-1"},"canonical":"https:\/\/www.stalskog.se\/fi\/tuote\/2-phase-jskf-skf12-skn120\/","og_locale":"fi_FI","og_type":"article","og_title":"2-vaiheinen JSKF \/ SKF12 \/ SKN120 &#8211; Ragnar St\u00e5lskog","og_description":"2-vaiheinen oikosulkukisko Kiskot on valmistettu hopeoidusta alumiiniseoksesta, ja niiss\u00e4 on urat kiskokannattimeen liitt\u00e4mist\u00e4 varten. Kiskoja ja","og_url":"https:\/\/www.stalskog.se\/fi\/tuote\/2-phase-jskf-skf12-skn120\/","og_site_name":"Ragnar St\u00e5lskog","article_modified_time":"2025-08-25T14:22:58+00:00","og_image":[{"width":275,"height":425,"url":"https:\/\/www.stalskog.se\/wp-content\/uploads\/2022\/05\/jskf.jpg","type":"image\/jpeg"}],"twitter_card":"summary_large_image","schema":{"@context":"https:\/\/schema.org","@graph":[{"@type":"WebPage","@id":"https:\/\/www.stalskog.se\/fi\/tuote\/2-phase-jskf-skf12-skn120\/","url":"https:\/\/www.stalskog.se\/fi\/tuote\/2-phase-jskf-skf12-skn120\/","name":"2-vaiheinen JSKF \/ SKF12 \/ SKN120 &#8211; Ragnar St\u00e5lskog","isPartOf":{"@id":"https:\/\/www.stalskog.se\/fi\/#website"},"primaryImageOfPage":{"@id":"https:\/\/www.stalskog.se\/fi\/tuote\/2-phase-jskf-skf12-skn120\/#primaryimage"},"image":{"@id":"https:\/\/www.stalskog.se\/fi\/tuote\/2-phase-jskf-skf12-skn120\/#primaryimage"},"thumbnailUrl":"https:\/\/www.stalskog.se\/wp-content\/uploads\/2022\/05\/jskf.jpg","datePublished":"2022-05-04T15:39:38+00:00","dateModified":"2025-08-25T14:22:58+00:00","description":"2-vaiheinen oikosulkukisko Kiskot on valmistettu hopeoidusta alumiiniseoksesta, ja niiss\u00e4 on urat kiskokannattimeen liitt\u00e4mist\u00e4 varten. Kiskoja ja","breadcrumb":{"@id":"https:\/\/www.stalskog.se\/fi\/tuote\/2-phase-jskf-skf12-skn120\/#breadcrumb"},"inLanguage":"fi","potentialAction":[{"@type":"ReadAction","target":["https:\/\/www.stalskog.se\/fi\/tuote\/2-phase-jskf-skf12-skn120\/"]}]},{"@type":"ImageObject","inLanguage":"fi","@id":"https:\/\/www.stalskog.se\/fi\/tuote\/2-phase-jskf-skf12-skn120\/#primaryimage","url":"https:\/\/www.stalskog.se\/wp-content\/uploads\/2022\/05\/jskf.jpg","contentUrl":"https:\/\/www.stalskog.se\/wp-content\/uploads\/2022\/05\/jskf.jpg","width":275,"height":425},{"@type":"BreadcrumbList","@id":"https:\/\/www.stalskog.se\/fi\/tuote\/2-phase-jskf-skf12-skn120\/#breadcrumb","itemListElement":[{"@type":"ListItem","position":1,"name":"Hem","item":"https:\/\/www.stalskog.se\/fi\/"},{"@type":"ListItem","position":2,"name":"Produkter","item":"https:\/\/www.stalskog.se\/?page_id=3235"},{"@type":"ListItem","position":3,"name":"1. Switchgear","item":"https:\/\/www.stalskog.se\/fi\/kategoria\/switchgear-fi\/"},{"@type":"ListItem","position":4,"name":"2-vaiheinen JSKF \/ SKF12 \/ SKN120"}]},{"@type":"WebSite","@id":"https:\/\/www.stalskog.se\/fi\/#website","url":"https:\/\/www.stalskog.se\/fi\/","name":"Ragnar St\u00e5lskog","description":"","publisher":{"@id":"https:\/\/www.stalskog.se\/fi\/#organization"},"potentialAction":[{"@type":"SearchAction","target":{"@type":"EntryPoint","urlTemplate":"https:\/\/www.stalskog.se\/fi\/?s={search_term_string}"},"query-input":{"@type":"PropertyValueSpecification","valueRequired":true,"valueName":"search_term_string"}}],"inLanguage":"fi"},{"@type":"Organization","@id":"https:\/\/www.stalskog.se\/fi\/#organization","name":"Ragnar St\u00e5lskog","url":"https:\/\/www.stalskog.se\/fi\/","logo":{"@type":"ImageObject","inLanguage":"fi","@id":"https:\/\/www.stalskog.se\/fi\/#\/schema\/logo\/image\/","url":"https:\/\/www.stalskog.se\/wp-content\/uploads\/2022\/03\/logo_o.png","contentUrl":"https:\/\/www.stalskog.se\/wp-content\/uploads\/2022\/03\/logo_o.png","width":410,"height":99,"caption":"Ragnar St\u00e5lskog"},"image":{"@id":"https:\/\/www.stalskog.se\/fi\/#\/schema\/logo\/image\/"}}]}},"_links":{"self":[{"href":"https:\/\/www.stalskog.se\/fi\/wp-json\/wp\/v2\/product\/5220","targetHints":{"allow":["GET"]}}],"collection":[{"href":"https:\/\/www.stalskog.se\/fi\/wp-json\/wp\/v2\/product"}],"about":[{"href":"https:\/\/www.stalskog.se\/fi\/wp-json\/wp\/v2\/types\/product"}],"replies":[{"embeddable":true,"href":"https:\/\/www.stalskog.se\/fi\/wp-json\/wp\/v2\/comments?post=5220"}],"wp:featuredmedia":[{"embeddable":true,"href":"https:\/\/www.stalskog.se\/fi\/wp-json\/wp\/v2\/media\/5205"}],"wp:attachment":[{"href":"https:\/\/www.stalskog.se\/fi\/wp-json\/wp\/v2\/media?parent=5220"}],"wp:term":[{"taxonomy":"product_brand","embeddable":true,"href":"https:\/\/www.stalskog.se\/fi\/wp-json\/wp\/v2\/product_brand?post=5220"},{"taxonomy":"product_cat","embeddable":true,"href":"https:\/\/www.stalskog.se\/fi\/wp-json\/wp\/v2\/product_cat?post=5220"},{"taxonomy":"product_tag","embeddable":true,"href":"https:\/\/www.stalskog.se\/fi\/wp-json\/wp\/v2\/product_tag?post=5220"}],"curies":[{"name":"wp","href":"https:\/\/api.w.org\/{rel}","templated":true}]}}