{"id":5549,"date":"2022-05-05T18:11:58","date_gmt":"2022-05-05T18:11:58","guid":{"rendered":"https:\/\/www.stalskog.se\/produkt\/1-phase-jk27-jk238\/"},"modified":"2022-05-05T18:14:16","modified_gmt":"2022-05-05T18:14:16","slug":"1-phase-jk27-jk238","status":"publish","type":"product","link":"https:\/\/www.stalskog.se\/fi\/tuote\/1-phase-jk27-jk238\/","title":{"rendered":"1-phase JK27-JK238"},"content":{"rendered":"<p>1-Phase Earthing Device<\/p>\n<p>Ref. SS 428 91 01, EN 61230<br \/>\nLine clamp JK 27 is for connection to ball-bolts \u00d8 20, \u00d8 25, \u00d8 30, T-bolt, busbars 1-25 mm, line\/tube \u00d8 6-25 mm. Insulating poles MGV, MDV\/MSV and operating socket JGS are used to operate the line clamp. The line clamp conducting parts are made of aluminium bronze. Steel components are made of stainless steel. The earthing cable is connected to the clamp using a cable lug and screw joint<br \/>\nM8 (25-50 mm2) \/ M12 (70-95mm2). The earthing cable, made of highly flexible ESTPR-insulated copper strands, has sealed cable connections, which prevent humidity from penetrating the cable. Earth clamp JK 238 is used on steel constructions with a thickness up to 30 mm and is also approved for use on painted surfaces. The screw on this clamp is insulated.<\/p>\n","protected":false},"excerpt":{"rendered":"<p>1-Phase Earthing Device Ref. SS 428 91 01, EN 61230 Line clamp JK 27 is for connection to ball-bolts \u00d8 20, \u00d8 25, \u00d8 30, T-bolt, busbars 1-25 mm, line\/tube \u00d8 6-25 mm. Insulating poles MGV, MDV\/MSV and operating socket JGS are used to operate the line clamp. The line clamp conducting parts are made [&hellip;]<\/p>\n","protected":false},"featured_media":5545,"comment_status":"closed","ping_status":"closed","template":"","meta":{"_acf_changed":false},"product_brand":[],"product_cat":[138,76],"product_tag":[],"class_list":{"0":"post-5549","1":"product","2":"type-product","3":"status-publish","4":"has-post-thumbnail","6":"product_cat-1-phase-fi","7":"product_cat-switchgear-fi","9":"first","10":"instock","11":"shipping-taxable","12":"product-type-simple"},"acf":[],"yoast_head":"<!-- This site is optimized with the Yoast SEO plugin v27.3 - https:\/\/yoast.com\/product\/yoast-seo-wordpress\/ -->\n<title>1-phase JK27-JK238 &#8211; Ragnar St\u00e5lskog<\/title>\n<meta name=\"description\" content=\"1-Phase Earthing Device Ref. SS 428 91 01, EN 61230 Line clamp JK 27 is for connection to ball-bolts \u00d8 20, \u00d8 25, \u00d8 30, T-bolt, busbars 1-25 mm, line\/tube\" \/>\n<meta name=\"robots\" content=\"index, follow, max-snippet:-1, max-image-preview:large, max-video-preview:-1\" \/>\n<link rel=\"canonical\" href=\"https:\/\/www.stalskog.se\/fi\/tuote\/1-phase-jk27-jk238\/\" \/>\n<meta property=\"og:locale\" content=\"fi_FI\" \/>\n<meta property=\"og:type\" content=\"article\" \/>\n<meta property=\"og:title\" content=\"1-phase JK27-JK238 &#8211; Ragnar St\u00e5lskog\" \/>\n<meta property=\"og:description\" content=\"1-Phase Earthing Device Ref. SS 428 91 01, EN 61230 Line clamp JK 27 is for connection to ball-bolts \u00d8 20, \u00d8 25, \u00d8 30, T-bolt, busbars 1-25 mm, line\/tube\" \/>\n<meta property=\"og:url\" content=\"https:\/\/www.stalskog.se\/fi\/tuote\/1-phase-jk27-jk238\/\" \/>\n<meta property=\"og:site_name\" content=\"Ragnar St\u00e5lskog\" \/>\n<meta property=\"article:modified_time\" content=\"2022-05-05T18:14:16+00:00\" \/>\n<meta property=\"og:image\" content=\"https:\/\/www.stalskog.se\/wp-content\/uploads\/2022\/05\/jk27-jk238.jpg\" \/>\n\t<meta property=\"og:image:width\" content=\"180\" \/>\n\t<meta property=\"og:image:height\" content=\"404\" \/>\n\t<meta property=\"og:image:type\" content=\"image\/jpeg\" \/>\n<meta name=\"twitter:card\" content=\"summary_large_image\" \/>\n<meta name=\"twitter:label1\" content=\"Arvioitu lukuaika\" \/>\n\t<meta name=\"twitter:data1\" content=\"1 minuutti\" \/>\n<script type=\"application\/ld+json\" class=\"yoast-schema-graph\">{\"@context\":\"https:\\\/\\\/schema.org\",\"@graph\":[{\"@type\":\"WebPage\",\"@id\":\"https:\\\/\\\/www.stalskog.se\\\/fi\\\/tuote\\\/1-phase-jk27-jk238\\\/\",\"url\":\"https:\\\/\\\/www.stalskog.se\\\/fi\\\/tuote\\\/1-phase-jk27-jk238\\\/\",\"name\":\"1-phase JK27-JK238 &#8211; Ragnar St\u00e5lskog\",\"isPartOf\":{\"@id\":\"https:\\\/\\\/www.stalskog.se\\\/fi\\\/#website\"},\"primaryImageOfPage\":{\"@id\":\"https:\\\/\\\/www.stalskog.se\\\/fi\\\/tuote\\\/1-phase-jk27-jk238\\\/#primaryimage\"},\"image\":{\"@id\":\"https:\\\/\\\/www.stalskog.se\\\/fi\\\/tuote\\\/1-phase-jk27-jk238\\\/#primaryimage\"},\"thumbnailUrl\":\"https:\\\/\\\/www.stalskog.se\\\/wp-content\\\/uploads\\\/2022\\\/05\\\/jk27-jk238.jpg\",\"datePublished\":\"2022-05-05T18:11:58+00:00\",\"dateModified\":\"2022-05-05T18:14:16+00:00\",\"description\":\"1-Phase Earthing Device Ref. SS 428 91 01, EN 61230 Line clamp JK 27 is for connection to ball-bolts \u00d8 20, \u00d8 25, \u00d8 30, T-bolt, busbars 1-25 mm, line\\\/tube\",\"breadcrumb\":{\"@id\":\"https:\\\/\\\/www.stalskog.se\\\/fi\\\/tuote\\\/1-phase-jk27-jk238\\\/#breadcrumb\"},\"inLanguage\":\"fi\",\"potentialAction\":[{\"@type\":\"ReadAction\",\"target\":[\"https:\\\/\\\/www.stalskog.se\\\/fi\\\/tuote\\\/1-phase-jk27-jk238\\\/\"]}]},{\"@type\":\"ImageObject\",\"inLanguage\":\"fi\",\"@id\":\"https:\\\/\\\/www.stalskog.se\\\/fi\\\/tuote\\\/1-phase-jk27-jk238\\\/#primaryimage\",\"url\":\"https:\\\/\\\/www.stalskog.se\\\/wp-content\\\/uploads\\\/2022\\\/05\\\/jk27-jk238.jpg\",\"contentUrl\":\"https:\\\/\\\/www.stalskog.se\\\/wp-content\\\/uploads\\\/2022\\\/05\\\/jk27-jk238.jpg\",\"width\":180,\"height\":404},{\"@type\":\"BreadcrumbList\",\"@id\":\"https:\\\/\\\/www.stalskog.se\\\/fi\\\/tuote\\\/1-phase-jk27-jk238\\\/#breadcrumb\",\"itemListElement\":[{\"@type\":\"ListItem\",\"position\":1,\"name\":\"Hem\",\"item\":\"https:\\\/\\\/www.stalskog.se\\\/fi\\\/\"},{\"@type\":\"ListItem\",\"position\":2,\"name\":\"Produkter\",\"item\":\"https:\\\/\\\/www.stalskog.se\\\/?page_id=3235\"},{\"@type\":\"ListItem\",\"position\":3,\"name\":\"1. Switchgear\",\"item\":\"https:\\\/\\\/www.stalskog.se\\\/fi\\\/kategoria\\\/switchgear-fi\\\/\"},{\"@type\":\"ListItem\",\"position\":4,\"name\":\"1-phase JK27-JK238\"}]},{\"@type\":\"WebSite\",\"@id\":\"https:\\\/\\\/www.stalskog.se\\\/fi\\\/#website\",\"url\":\"https:\\\/\\\/www.stalskog.se\\\/fi\\\/\",\"name\":\"Ragnar St\u00e5lskog\",\"description\":\"\",\"publisher\":{\"@id\":\"https:\\\/\\\/www.stalskog.se\\\/fi\\\/#organization\"},\"potentialAction\":[{\"@type\":\"SearchAction\",\"target\":{\"@type\":\"EntryPoint\",\"urlTemplate\":\"https:\\\/\\\/www.stalskog.se\\\/fi\\\/?s={search_term_string}\"},\"query-input\":{\"@type\":\"PropertyValueSpecification\",\"valueRequired\":true,\"valueName\":\"search_term_string\"}}],\"inLanguage\":\"fi\"},{\"@type\":\"Organization\",\"@id\":\"https:\\\/\\\/www.stalskog.se\\\/fi\\\/#organization\",\"name\":\"Ragnar St\u00e5lskog\",\"url\":\"https:\\\/\\\/www.stalskog.se\\\/fi\\\/\",\"logo\":{\"@type\":\"ImageObject\",\"inLanguage\":\"fi\",\"@id\":\"https:\\\/\\\/www.stalskog.se\\\/fi\\\/#\\\/schema\\\/logo\\\/image\\\/\",\"url\":\"https:\\\/\\\/www.stalskog.se\\\/wp-content\\\/uploads\\\/2022\\\/03\\\/logo_o.png\",\"contentUrl\":\"https:\\\/\\\/www.stalskog.se\\\/wp-content\\\/uploads\\\/2022\\\/03\\\/logo_o.png\",\"width\":410,\"height\":99,\"caption\":\"Ragnar St\u00e5lskog\"},\"image\":{\"@id\":\"https:\\\/\\\/www.stalskog.se\\\/fi\\\/#\\\/schema\\\/logo\\\/image\\\/\"}}]}<\/script>\n<!-- \/ Yoast SEO plugin. -->","yoast_head_json":{"title":"1-phase JK27-JK238 &#8211; Ragnar St\u00e5lskog","description":"1-Phase Earthing Device Ref. SS 428 91 01, EN 61230 Line clamp JK 27 is for connection to ball-bolts \u00d8 20, \u00d8 25, \u00d8 30, T-bolt, busbars 1-25 mm, line\/tube","robots":{"index":"index","follow":"follow","max-snippet":"max-snippet:-1","max-image-preview":"max-image-preview:large","max-video-preview":"max-video-preview:-1"},"canonical":"https:\/\/www.stalskog.se\/fi\/tuote\/1-phase-jk27-jk238\/","og_locale":"fi_FI","og_type":"article","og_title":"1-phase JK27-JK238 &#8211; Ragnar St\u00e5lskog","og_description":"1-Phase Earthing Device Ref. SS 428 91 01, EN 61230 Line clamp JK 27 is for connection to ball-bolts \u00d8 20, \u00d8 25, \u00d8 30, T-bolt, busbars 1-25 mm, line\/tube","og_url":"https:\/\/www.stalskog.se\/fi\/tuote\/1-phase-jk27-jk238\/","og_site_name":"Ragnar St\u00e5lskog","article_modified_time":"2022-05-05T18:14:16+00:00","og_image":[{"width":180,"height":404,"url":"https:\/\/www.stalskog.se\/wp-content\/uploads\/2022\/05\/jk27-jk238.jpg","type":"image\/jpeg"}],"twitter_card":"summary_large_image","twitter_misc":{"Arvioitu lukuaika":"1 minuutti"},"schema":{"@context":"https:\/\/schema.org","@graph":[{"@type":"WebPage","@id":"https:\/\/www.stalskog.se\/fi\/tuote\/1-phase-jk27-jk238\/","url":"https:\/\/www.stalskog.se\/fi\/tuote\/1-phase-jk27-jk238\/","name":"1-phase JK27-JK238 &#8211; Ragnar St\u00e5lskog","isPartOf":{"@id":"https:\/\/www.stalskog.se\/fi\/#website"},"primaryImageOfPage":{"@id":"https:\/\/www.stalskog.se\/fi\/tuote\/1-phase-jk27-jk238\/#primaryimage"},"image":{"@id":"https:\/\/www.stalskog.se\/fi\/tuote\/1-phase-jk27-jk238\/#primaryimage"},"thumbnailUrl":"https:\/\/www.stalskog.se\/wp-content\/uploads\/2022\/05\/jk27-jk238.jpg","datePublished":"2022-05-05T18:11:58+00:00","dateModified":"2022-05-05T18:14:16+00:00","description":"1-Phase Earthing Device Ref. SS 428 91 01, EN 61230 Line clamp JK 27 is for connection to ball-bolts \u00d8 20, \u00d8 25, \u00d8 30, T-bolt, busbars 1-25 mm, line\/tube","breadcrumb":{"@id":"https:\/\/www.stalskog.se\/fi\/tuote\/1-phase-jk27-jk238\/#breadcrumb"},"inLanguage":"fi","potentialAction":[{"@type":"ReadAction","target":["https:\/\/www.stalskog.se\/fi\/tuote\/1-phase-jk27-jk238\/"]}]},{"@type":"ImageObject","inLanguage":"fi","@id":"https:\/\/www.stalskog.se\/fi\/tuote\/1-phase-jk27-jk238\/#primaryimage","url":"https:\/\/www.stalskog.se\/wp-content\/uploads\/2022\/05\/jk27-jk238.jpg","contentUrl":"https:\/\/www.stalskog.se\/wp-content\/uploads\/2022\/05\/jk27-jk238.jpg","width":180,"height":404},{"@type":"BreadcrumbList","@id":"https:\/\/www.stalskog.se\/fi\/tuote\/1-phase-jk27-jk238\/#breadcrumb","itemListElement":[{"@type":"ListItem","position":1,"name":"Hem","item":"https:\/\/www.stalskog.se\/fi\/"},{"@type":"ListItem","position":2,"name":"Produkter","item":"https:\/\/www.stalskog.se\/?page_id=3235"},{"@type":"ListItem","position":3,"name":"1. Switchgear","item":"https:\/\/www.stalskog.se\/fi\/kategoria\/switchgear-fi\/"},{"@type":"ListItem","position":4,"name":"1-phase JK27-JK238"}]},{"@type":"WebSite","@id":"https:\/\/www.stalskog.se\/fi\/#website","url":"https:\/\/www.stalskog.se\/fi\/","name":"Ragnar St\u00e5lskog","description":"","publisher":{"@id":"https:\/\/www.stalskog.se\/fi\/#organization"},"potentialAction":[{"@type":"SearchAction","target":{"@type":"EntryPoint","urlTemplate":"https:\/\/www.stalskog.se\/fi\/?s={search_term_string}"},"query-input":{"@type":"PropertyValueSpecification","valueRequired":true,"valueName":"search_term_string"}}],"inLanguage":"fi"},{"@type":"Organization","@id":"https:\/\/www.stalskog.se\/fi\/#organization","name":"Ragnar St\u00e5lskog","url":"https:\/\/www.stalskog.se\/fi\/","logo":{"@type":"ImageObject","inLanguage":"fi","@id":"https:\/\/www.stalskog.se\/fi\/#\/schema\/logo\/image\/","url":"https:\/\/www.stalskog.se\/wp-content\/uploads\/2022\/03\/logo_o.png","contentUrl":"https:\/\/www.stalskog.se\/wp-content\/uploads\/2022\/03\/logo_o.png","width":410,"height":99,"caption":"Ragnar St\u00e5lskog"},"image":{"@id":"https:\/\/www.stalskog.se\/fi\/#\/schema\/logo\/image\/"}}]}},"_links":{"self":[{"href":"https:\/\/www.stalskog.se\/fi\/wp-json\/wp\/v2\/product\/5549","targetHints":{"allow":["GET"]}}],"collection":[{"href":"https:\/\/www.stalskog.se\/fi\/wp-json\/wp\/v2\/product"}],"about":[{"href":"https:\/\/www.stalskog.se\/fi\/wp-json\/wp\/v2\/types\/product"}],"replies":[{"embeddable":true,"href":"https:\/\/www.stalskog.se\/fi\/wp-json\/wp\/v2\/comments?post=5549"}],"wp:featuredmedia":[{"embeddable":true,"href":"https:\/\/www.stalskog.se\/fi\/wp-json\/wp\/v2\/media\/5545"}],"wp:attachment":[{"href":"https:\/\/www.stalskog.se\/fi\/wp-json\/wp\/v2\/media?parent=5549"}],"wp:term":[{"taxonomy":"product_brand","embeddable":true,"href":"https:\/\/www.stalskog.se\/fi\/wp-json\/wp\/v2\/product_brand?post=5549"},{"taxonomy":"product_cat","embeddable":true,"href":"https:\/\/www.stalskog.se\/fi\/wp-json\/wp\/v2\/product_cat?post=5549"},{"taxonomy":"product_tag","embeddable":true,"href":"https:\/\/www.stalskog.se\/fi\/wp-json\/wp\/v2\/product_tag?post=5549"}],"curies":[{"name":"wp","href":"https:\/\/api.w.org\/{rel}","templated":true}]}}