{"id":5578,"date":"2022-05-05T18:29:11","date_gmt":"2022-05-05T18:29:11","guid":{"rendered":"https:\/\/www.stalskog.se\/?post_type=product&#038;p=5578"},"modified":"2022-12-09T14:27:45","modified_gmt":"2022-12-09T14:27:45","slug":"1-fas-jfs21-jla34","status":"publish","type":"product","link":"https:\/\/www.stalskog.se\/fi\/tuote\/1-fas-jfs21-jla34\/","title":{"rendered":"1-fas JFS21-JLA34"},"content":{"rendered":"<p>JFS21-JLA34 (JSHM-K)<\/p>\n<p>1-fas jordningsdon<\/p>\n<p>Enl. SS 428 91 01, SS-EN 61230<br \/>\nLedarkl\u00e4mma JFS 21 ansluts p\u00e5 krok JKS och JKR. F\u00f6r man\u00f6vrering av kl\u00e4mman anv\u00e4nds isolerst\u00e4nger MGV, MDV\/MSV och grips\u00f6kare JGS.<br \/>\nKl\u00e4mmans ledande delar \u00e4r av varmpressad elektrolytkoppar. St\u00e5ldetaljer \u00e4r av rostfritt st\u00e5l. Ledarkl\u00e4mman \u00e4r f\u00f6rsedd med rostfria tallriksbrickor, vilket ger ett konstant kontakttryck. Donlinan av ESTPR-isolerad kopparledare \u00e4r f\u00f6rsedd med t\u00e4ta kabelanslutningar, vilket f\u00f6rhindrar fuktintr\u00e4ngning i linan. Donlinan \u00e4r kontaktpressad till jordningsdonet. Kabelsko JLA 34 \u00e4r av varmpressad elektrolytkoppar, handtagsmutter av rostfritt st\u00e5l. JLA ansluts p\u00e5 fasta kontaktdon mot jord, JVF och JBF.<\/p>\n","protected":false},"excerpt":{"rendered":"<p>JFS21-JLA34 (JSHM-K) 1-fas jordningsdon Enl. SS 428 91 01, SS-EN 61230 Ledarkl\u00e4mma JFS 21 ansluts p\u00e5 krok JKS och JKR. F\u00f6r man\u00f6vrering av kl\u00e4mman anv\u00e4nds isolerst\u00e4nger MGV, MDV\/MSV och grips\u00f6kare JGS. Kl\u00e4mmans ledande delar \u00e4r av varmpressad elektrolytkoppar. St\u00e5ldetaljer \u00e4r av rostfritt st\u00e5l. Ledarkl\u00e4mman \u00e4r f\u00f6rsedd med rostfria tallriksbrickor, vilket ger ett konstant kontakttryck. Donlinan [&hellip;]<\/p>\n","protected":false},"featured_media":5579,"comment_status":"closed","ping_status":"closed","template":"","meta":{"_acf_changed":false},"product_brand":[],"product_cat":[136,24],"product_tag":[],"class_list":{"0":"post-5578","1":"product","2":"type-product","3":"status-publish","4":"has-post-thumbnail","6":"product_cat-1-fas","7":"product_cat-jordningsdon-for-stallverk","9":"first","10":"instock","11":"shipping-taxable","12":"product-type-simple"},"acf":[],"yoast_head":"<!-- This site is optimized with the Yoast SEO plugin v27.5 - https:\/\/yoast.com\/product\/yoast-seo-wordpress\/ -->\n<title>1-fas JFS21-JLA34 &#8211; Ragnar St\u00e5lskog<\/title>\n<meta name=\"description\" content=\"JFS21-JLA34 (JSHM-K) 1-fas jordningsdon Enl. SS 428 91 01, SS-EN 61230 Ledarkl\u00e4mma JFS 21 ansluts p\u00e5 krok JKS och JKR. F\u00f6r man\u00f6vrering av kl\u00e4mman anv\u00e4nds\" \/>\n<meta name=\"robots\" content=\"index, follow, max-snippet:-1, max-image-preview:large, max-video-preview:-1\" \/>\n<link rel=\"canonical\" href=\"https:\/\/www.stalskog.se\/fi\/tuote\/1-fas-jfs21-jla34\/\" \/>\n<meta property=\"og:locale\" content=\"fi_FI\" \/>\n<meta property=\"og:type\" content=\"article\" \/>\n<meta property=\"og:title\" content=\"1-fas JFS21-JLA34 &#8211; Ragnar St\u00e5lskog\" \/>\n<meta property=\"og:description\" content=\"JFS21-JLA34 (JSHM-K) 1-fas jordningsdon Enl. SS 428 91 01, SS-EN 61230 Ledarkl\u00e4mma JFS 21 ansluts p\u00e5 krok JKS och JKR. F\u00f6r man\u00f6vrering av kl\u00e4mman anv\u00e4nds\" \/>\n<meta property=\"og:url\" content=\"https:\/\/www.stalskog.se\/fi\/tuote\/1-fas-jfs21-jla34\/\" \/>\n<meta property=\"og:site_name\" content=\"Ragnar St\u00e5lskog\" \/>\n<meta property=\"article:modified_time\" content=\"2022-12-09T14:27:45+00:00\" \/>\n<meta property=\"og:image\" content=\"https:\/\/www.stalskog.se\/wp-content\/uploads\/2022\/05\/jfs21-jla34.jpg\" \/>\n\t<meta property=\"og:image:width\" content=\"181\" \/>\n\t<meta property=\"og:image:height\" content=\"415\" \/>\n\t<meta property=\"og:image:type\" content=\"image\/jpeg\" \/>\n<meta name=\"twitter:card\" content=\"summary_large_image\" \/>\n<meta name=\"twitter:label1\" content=\"Arvioitu lukuaika\" \/>\n\t<meta name=\"twitter:data1\" content=\"1 minuutti\" \/>\n<script type=\"application\/ld+json\" class=\"yoast-schema-graph\">{\"@context\":\"https:\\\/\\\/schema.org\",\"@graph\":[{\"@type\":\"WebPage\",\"@id\":\"https:\\\/\\\/www.stalskog.se\\\/fi\\\/tuote\\\/1-fas-jfs21-jla34\\\/\",\"url\":\"https:\\\/\\\/www.stalskog.se\\\/fi\\\/tuote\\\/1-fas-jfs21-jla34\\\/\",\"name\":\"1-fas JFS21-JLA34 &#8211; Ragnar St\u00e5lskog\",\"isPartOf\":{\"@id\":\"https:\\\/\\\/www.stalskog.se\\\/fi\\\/#website\"},\"primaryImageOfPage\":{\"@id\":\"https:\\\/\\\/www.stalskog.se\\\/fi\\\/tuote\\\/1-fas-jfs21-jla34\\\/#primaryimage\"},\"image\":{\"@id\":\"https:\\\/\\\/www.stalskog.se\\\/fi\\\/tuote\\\/1-fas-jfs21-jla34\\\/#primaryimage\"},\"thumbnailUrl\":\"https:\\\/\\\/www.stalskog.se\\\/wp-content\\\/uploads\\\/2022\\\/05\\\/jfs21-jla34.jpg\",\"datePublished\":\"2022-05-05T18:29:11+00:00\",\"dateModified\":\"2022-12-09T14:27:45+00:00\",\"description\":\"JFS21-JLA34 (JSHM-K) 1-fas jordningsdon Enl. SS 428 91 01, SS-EN 61230 Ledarkl\u00e4mma JFS 21 ansluts p\u00e5 krok JKS och JKR. F\u00f6r man\u00f6vrering av kl\u00e4mman anv\u00e4nds\",\"breadcrumb\":{\"@id\":\"https:\\\/\\\/www.stalskog.se\\\/fi\\\/tuote\\\/1-fas-jfs21-jla34\\\/#breadcrumb\"},\"inLanguage\":\"fi\",\"potentialAction\":[{\"@type\":\"ReadAction\",\"target\":[\"https:\\\/\\\/www.stalskog.se\\\/fi\\\/tuote\\\/1-fas-jfs21-jla34\\\/\"]}]},{\"@type\":\"ImageObject\",\"inLanguage\":\"fi\",\"@id\":\"https:\\\/\\\/www.stalskog.se\\\/fi\\\/tuote\\\/1-fas-jfs21-jla34\\\/#primaryimage\",\"url\":\"https:\\\/\\\/www.stalskog.se\\\/wp-content\\\/uploads\\\/2022\\\/05\\\/jfs21-jla34.jpg\",\"contentUrl\":\"https:\\\/\\\/www.stalskog.se\\\/wp-content\\\/uploads\\\/2022\\\/05\\\/jfs21-jla34.jpg\",\"width\":181,\"height\":415},{\"@type\":\"BreadcrumbList\",\"@id\":\"https:\\\/\\\/www.stalskog.se\\\/fi\\\/tuote\\\/1-fas-jfs21-jla34\\\/#breadcrumb\",\"itemListElement\":[{\"@type\":\"ListItem\",\"position\":1,\"name\":\"Hem\",\"item\":\"https:\\\/\\\/www.stalskog.se\\\/fi\\\/\"},{\"@type\":\"ListItem\",\"position\":2,\"name\":\"Produkter\",\"item\":\"https:\\\/\\\/www.stalskog.se\\\/?page_id=3235\"},{\"@type\":\"ListItem\",\"position\":3,\"name\":\"1. Switchgear\",\"item\":\"https:\\\/\\\/www.stalskog.se\\\/fi\\\/kategoria\\\/switchgear-fi\\\/\"},{\"@type\":\"ListItem\",\"position\":4,\"name\":\"1-fas JFS21-JLA34\"}]},{\"@type\":\"WebSite\",\"@id\":\"https:\\\/\\\/www.stalskog.se\\\/fi\\\/#website\",\"url\":\"https:\\\/\\\/www.stalskog.se\\\/fi\\\/\",\"name\":\"Ragnar St\u00e5lskog\",\"description\":\"\",\"publisher\":{\"@id\":\"https:\\\/\\\/www.stalskog.se\\\/fi\\\/#organization\"},\"potentialAction\":[{\"@type\":\"SearchAction\",\"target\":{\"@type\":\"EntryPoint\",\"urlTemplate\":\"https:\\\/\\\/www.stalskog.se\\\/fi\\\/?s={search_term_string}\"},\"query-input\":{\"@type\":\"PropertyValueSpecification\",\"valueRequired\":true,\"valueName\":\"search_term_string\"}}],\"inLanguage\":\"fi\"},{\"@type\":\"Organization\",\"@id\":\"https:\\\/\\\/www.stalskog.se\\\/fi\\\/#organization\",\"name\":\"Ragnar St\u00e5lskog\",\"url\":\"https:\\\/\\\/www.stalskog.se\\\/fi\\\/\",\"logo\":{\"@type\":\"ImageObject\",\"inLanguage\":\"fi\",\"@id\":\"https:\\\/\\\/www.stalskog.se\\\/fi\\\/#\\\/schema\\\/logo\\\/image\\\/\",\"url\":\"https:\\\/\\\/www.stalskog.se\\\/wp-content\\\/uploads\\\/2022\\\/03\\\/logo_o.png\",\"contentUrl\":\"https:\\\/\\\/www.stalskog.se\\\/wp-content\\\/uploads\\\/2022\\\/03\\\/logo_o.png\",\"width\":410,\"height\":99,\"caption\":\"Ragnar St\u00e5lskog\"},\"image\":{\"@id\":\"https:\\\/\\\/www.stalskog.se\\\/fi\\\/#\\\/schema\\\/logo\\\/image\\\/\"}}]}<\/script>\n<!-- \/ Yoast SEO plugin. -->","yoast_head_json":{"title":"1-fas JFS21-JLA34 &#8211; Ragnar St\u00e5lskog","description":"JFS21-JLA34 (JSHM-K) 1-fas jordningsdon Enl. SS 428 91 01, SS-EN 61230 Ledarkl\u00e4mma JFS 21 ansluts p\u00e5 krok JKS och JKR. F\u00f6r man\u00f6vrering av kl\u00e4mman anv\u00e4nds","robots":{"index":"index","follow":"follow","max-snippet":"max-snippet:-1","max-image-preview":"max-image-preview:large","max-video-preview":"max-video-preview:-1"},"canonical":"https:\/\/www.stalskog.se\/fi\/tuote\/1-fas-jfs21-jla34\/","og_locale":"fi_FI","og_type":"article","og_title":"1-fas JFS21-JLA34 &#8211; Ragnar St\u00e5lskog","og_description":"JFS21-JLA34 (JSHM-K) 1-fas jordningsdon Enl. SS 428 91 01, SS-EN 61230 Ledarkl\u00e4mma JFS 21 ansluts p\u00e5 krok JKS och JKR. F\u00f6r man\u00f6vrering av kl\u00e4mman anv\u00e4nds","og_url":"https:\/\/www.stalskog.se\/fi\/tuote\/1-fas-jfs21-jla34\/","og_site_name":"Ragnar St\u00e5lskog","article_modified_time":"2022-12-09T14:27:45+00:00","og_image":[{"width":181,"height":415,"url":"https:\/\/www.stalskog.se\/wp-content\/uploads\/2022\/05\/jfs21-jla34.jpg","type":"image\/jpeg"}],"twitter_card":"summary_large_image","twitter_misc":{"Arvioitu lukuaika":"1 minuutti"},"schema":{"@context":"https:\/\/schema.org","@graph":[{"@type":"WebPage","@id":"https:\/\/www.stalskog.se\/fi\/tuote\/1-fas-jfs21-jla34\/","url":"https:\/\/www.stalskog.se\/fi\/tuote\/1-fas-jfs21-jla34\/","name":"1-fas JFS21-JLA34 &#8211; Ragnar St\u00e5lskog","isPartOf":{"@id":"https:\/\/www.stalskog.se\/fi\/#website"},"primaryImageOfPage":{"@id":"https:\/\/www.stalskog.se\/fi\/tuote\/1-fas-jfs21-jla34\/#primaryimage"},"image":{"@id":"https:\/\/www.stalskog.se\/fi\/tuote\/1-fas-jfs21-jla34\/#primaryimage"},"thumbnailUrl":"https:\/\/www.stalskog.se\/wp-content\/uploads\/2022\/05\/jfs21-jla34.jpg","datePublished":"2022-05-05T18:29:11+00:00","dateModified":"2022-12-09T14:27:45+00:00","description":"JFS21-JLA34 (JSHM-K) 1-fas jordningsdon Enl. SS 428 91 01, SS-EN 61230 Ledarkl\u00e4mma JFS 21 ansluts p\u00e5 krok JKS och JKR. F\u00f6r man\u00f6vrering av kl\u00e4mman anv\u00e4nds","breadcrumb":{"@id":"https:\/\/www.stalskog.se\/fi\/tuote\/1-fas-jfs21-jla34\/#breadcrumb"},"inLanguage":"fi","potentialAction":[{"@type":"ReadAction","target":["https:\/\/www.stalskog.se\/fi\/tuote\/1-fas-jfs21-jla34\/"]}]},{"@type":"ImageObject","inLanguage":"fi","@id":"https:\/\/www.stalskog.se\/fi\/tuote\/1-fas-jfs21-jla34\/#primaryimage","url":"https:\/\/www.stalskog.se\/wp-content\/uploads\/2022\/05\/jfs21-jla34.jpg","contentUrl":"https:\/\/www.stalskog.se\/wp-content\/uploads\/2022\/05\/jfs21-jla34.jpg","width":181,"height":415},{"@type":"BreadcrumbList","@id":"https:\/\/www.stalskog.se\/fi\/tuote\/1-fas-jfs21-jla34\/#breadcrumb","itemListElement":[{"@type":"ListItem","position":1,"name":"Hem","item":"https:\/\/www.stalskog.se\/fi\/"},{"@type":"ListItem","position":2,"name":"Produkter","item":"https:\/\/www.stalskog.se\/?page_id=3235"},{"@type":"ListItem","position":3,"name":"1. Switchgear","item":"https:\/\/www.stalskog.se\/fi\/kategoria\/switchgear-fi\/"},{"@type":"ListItem","position":4,"name":"1-fas JFS21-JLA34"}]},{"@type":"WebSite","@id":"https:\/\/www.stalskog.se\/fi\/#website","url":"https:\/\/www.stalskog.se\/fi\/","name":"Ragnar St\u00e5lskog","description":"","publisher":{"@id":"https:\/\/www.stalskog.se\/fi\/#organization"},"potentialAction":[{"@type":"SearchAction","target":{"@type":"EntryPoint","urlTemplate":"https:\/\/www.stalskog.se\/fi\/?s={search_term_string}"},"query-input":{"@type":"PropertyValueSpecification","valueRequired":true,"valueName":"search_term_string"}}],"inLanguage":"fi"},{"@type":"Organization","@id":"https:\/\/www.stalskog.se\/fi\/#organization","name":"Ragnar St\u00e5lskog","url":"https:\/\/www.stalskog.se\/fi\/","logo":{"@type":"ImageObject","inLanguage":"fi","@id":"https:\/\/www.stalskog.se\/fi\/#\/schema\/logo\/image\/","url":"https:\/\/www.stalskog.se\/wp-content\/uploads\/2022\/03\/logo_o.png","contentUrl":"https:\/\/www.stalskog.se\/wp-content\/uploads\/2022\/03\/logo_o.png","width":410,"height":99,"caption":"Ragnar St\u00e5lskog"},"image":{"@id":"https:\/\/www.stalskog.se\/fi\/#\/schema\/logo\/image\/"}}]}},"_links":{"self":[{"href":"https:\/\/www.stalskog.se\/fi\/wp-json\/wp\/v2\/product\/5578","targetHints":{"allow":["GET"]}}],"collection":[{"href":"https:\/\/www.stalskog.se\/fi\/wp-json\/wp\/v2\/product"}],"about":[{"href":"https:\/\/www.stalskog.se\/fi\/wp-json\/wp\/v2\/types\/product"}],"replies":[{"embeddable":true,"href":"https:\/\/www.stalskog.se\/fi\/wp-json\/wp\/v2\/comments?post=5578"}],"wp:featuredmedia":[{"embeddable":true,"href":"https:\/\/www.stalskog.se\/fi\/wp-json\/wp\/v2\/media\/5579"}],"wp:attachment":[{"href":"https:\/\/www.stalskog.se\/fi\/wp-json\/wp\/v2\/media?parent=5578"}],"wp:term":[{"taxonomy":"product_brand","embeddable":true,"href":"https:\/\/www.stalskog.se\/fi\/wp-json\/wp\/v2\/product_brand?post=5578"},{"taxonomy":"product_cat","embeddable":true,"href":"https:\/\/www.stalskog.se\/fi\/wp-json\/wp\/v2\/product_cat?post=5578"},{"taxonomy":"product_tag","embeddable":true,"href":"https:\/\/www.stalskog.se\/fi\/wp-json\/wp\/v2\/product_tag?post=5578"}],"curies":[{"name":"wp","href":"https:\/\/api.w.org\/{rel}","templated":true}]}}