{"id":7427,"date":"2022-05-17T14:03:02","date_gmt":"2022-05-17T14:03:02","guid":{"rendered":"https:\/\/www.stalskog.se\/produkt\/line-clamp-jk27ga\/"},"modified":"2022-05-17T14:05:10","modified_gmt":"2022-05-17T14:05:10","slug":"line-clamp-jk27ga","status":"publish","type":"product","link":"https:\/\/www.stalskog.se\/fi\/tuote\/line-clamp-jk27ga\/","title":{"rendered":"Line Clamp JK27GA"},"content":{"rendered":"<p>SS 428 91 01, EN 61230<br \/>\nLine clamp JK 27 GA is for connection to ball-bolts \u00d8 20, \u00d8 25, \u00d8 30, T-bolts, busbars 1-25 mm, lines\/tubes \u00d8 6-25 mm.<br \/>\nThe conducting parts of the clamp are made of nickel-plated Al-bronze. Steel components are made of stainless steel. The earthing cable is connected to the clamp using a cable lug and screw joint M8 (25-50 mm2) \/M12 (70-120 mm2).<\/p>\n","protected":false},"excerpt":{"rendered":"<p>SS 428 91 01, EN 61230 Line clamp JK 27 GA is for connection to ball-bolts \u00d8 20, \u00d8 25, \u00d8 30, T-bolts, busbars 1-25 mm, lines\/tubes \u00d8 6-25 mm. The conducting parts of the clamp are made of nickel-plated Al-bronze. Steel components are made of stainless steel. The earthing cable is connected to the [&hellip;]<\/p>\n","protected":false},"featured_media":7424,"comment_status":"closed","ping_status":"closed","template":"","meta":{"_acf_changed":false},"product_brand":[],"product_cat":[86,133],"product_tag":[],"class_list":{"0":"post-7427","1":"product","2":"type-product","3":"status-publish","4":"has-post-thumbnail","6":"product_cat-line-earth-clamps-fi","7":"product_cat-line-clamp-fi","9":"first","10":"instock","11":"shipping-taxable","12":"product-type-simple"},"acf":[],"yoast_head":"<!-- This site is optimized with the Yoast SEO plugin v27.5 - https:\/\/yoast.com\/product\/yoast-seo-wordpress\/ -->\n<title>Line Clamp JK27GA &#8211; Ragnar St\u00e5lskog<\/title>\n<meta name=\"description\" content=\"SS 428 91 01, EN 61230 Line clamp JK 27 GA is for connection to ball-bolts \u00d8 20, \u00d8 25, \u00d8 30, T-bolts, busbars 1-25 mm, lines\/tubes \u00d8 6-25 mm. The\" \/>\n<meta name=\"robots\" content=\"index, follow, max-snippet:-1, max-image-preview:large, max-video-preview:-1\" \/>\n<link rel=\"canonical\" href=\"https:\/\/www.stalskog.se\/fi\/tuote\/line-clamp-jk27ga\/\" \/>\n<meta property=\"og:locale\" content=\"fi_FI\" \/>\n<meta property=\"og:type\" content=\"article\" \/>\n<meta property=\"og:title\" content=\"Line Clamp JK27GA &#8211; Ragnar St\u00e5lskog\" \/>\n<meta property=\"og:description\" content=\"SS 428 91 01, EN 61230 Line clamp JK 27 GA is for connection to ball-bolts \u00d8 20, \u00d8 25, \u00d8 30, T-bolts, busbars 1-25 mm, lines\/tubes \u00d8 6-25 mm. The\" \/>\n<meta property=\"og:url\" content=\"https:\/\/www.stalskog.se\/fi\/tuote\/line-clamp-jk27ga\/\" \/>\n<meta property=\"og:site_name\" content=\"Ragnar St\u00e5lskog\" \/>\n<meta property=\"article:modified_time\" content=\"2022-05-17T14:05:10+00:00\" \/>\n<meta property=\"og:image\" content=\"https:\/\/www.stalskog.se\/wp-content\/uploads\/2022\/05\/jk27ga.jpg\" \/>\n\t<meta property=\"og:image:width\" content=\"302\" \/>\n\t<meta property=\"og:image:height\" content=\"425\" \/>\n\t<meta property=\"og:image:type\" content=\"image\/jpeg\" \/>\n<meta name=\"twitter:card\" content=\"summary_large_image\" \/>\n<script type=\"application\/ld+json\" class=\"yoast-schema-graph\">{\"@context\":\"https:\\\/\\\/schema.org\",\"@graph\":[{\"@type\":\"WebPage\",\"@id\":\"https:\\\/\\\/www.stalskog.se\\\/fi\\\/tuote\\\/line-clamp-jk27ga\\\/\",\"url\":\"https:\\\/\\\/www.stalskog.se\\\/fi\\\/tuote\\\/line-clamp-jk27ga\\\/\",\"name\":\"Line Clamp JK27GA &#8211; Ragnar St\u00e5lskog\",\"isPartOf\":{\"@id\":\"https:\\\/\\\/www.stalskog.se\\\/fi\\\/#website\"},\"primaryImageOfPage\":{\"@id\":\"https:\\\/\\\/www.stalskog.se\\\/fi\\\/tuote\\\/line-clamp-jk27ga\\\/#primaryimage\"},\"image\":{\"@id\":\"https:\\\/\\\/www.stalskog.se\\\/fi\\\/tuote\\\/line-clamp-jk27ga\\\/#primaryimage\"},\"thumbnailUrl\":\"https:\\\/\\\/www.stalskog.se\\\/wp-content\\\/uploads\\\/2022\\\/05\\\/jk27ga.jpg\",\"datePublished\":\"2022-05-17T14:03:02+00:00\",\"dateModified\":\"2022-05-17T14:05:10+00:00\",\"description\":\"SS 428 91 01, EN 61230 Line clamp JK 27 GA is for connection to ball-bolts \u00d8 20, \u00d8 25, \u00d8 30, T-bolts, busbars 1-25 mm, lines\\\/tubes \u00d8 6-25 mm. The\",\"breadcrumb\":{\"@id\":\"https:\\\/\\\/www.stalskog.se\\\/fi\\\/tuote\\\/line-clamp-jk27ga\\\/#breadcrumb\"},\"inLanguage\":\"fi\",\"potentialAction\":[{\"@type\":\"ReadAction\",\"target\":[\"https:\\\/\\\/www.stalskog.se\\\/fi\\\/tuote\\\/line-clamp-jk27ga\\\/\"]}]},{\"@type\":\"ImageObject\",\"inLanguage\":\"fi\",\"@id\":\"https:\\\/\\\/www.stalskog.se\\\/fi\\\/tuote\\\/line-clamp-jk27ga\\\/#primaryimage\",\"url\":\"https:\\\/\\\/www.stalskog.se\\\/wp-content\\\/uploads\\\/2022\\\/05\\\/jk27ga.jpg\",\"contentUrl\":\"https:\\\/\\\/www.stalskog.se\\\/wp-content\\\/uploads\\\/2022\\\/05\\\/jk27ga.jpg\",\"width\":302,\"height\":425},{\"@type\":\"BreadcrumbList\",\"@id\":\"https:\\\/\\\/www.stalskog.se\\\/fi\\\/tuote\\\/line-clamp-jk27ga\\\/#breadcrumb\",\"itemListElement\":[{\"@type\":\"ListItem\",\"position\":1,\"name\":\"Hem\",\"item\":\"https:\\\/\\\/www.stalskog.se\\\/fi\\\/\"},{\"@type\":\"ListItem\",\"position\":2,\"name\":\"Produkter\",\"item\":\"https:\\\/\\\/www.stalskog.se\\\/?page_id=3235\"},{\"@type\":\"ListItem\",\"position\":3,\"name\":\"4. Line-\\\/Earth Clamps\",\"item\":\"https:\\\/\\\/www.stalskog.se\\\/fi\\\/kategoria\\\/line-earth-clamps-fi\\\/\"},{\"@type\":\"ListItem\",\"position\":4,\"name\":\"Line Clamp JK27GA\"}]},{\"@type\":\"WebSite\",\"@id\":\"https:\\\/\\\/www.stalskog.se\\\/fi\\\/#website\",\"url\":\"https:\\\/\\\/www.stalskog.se\\\/fi\\\/\",\"name\":\"Ragnar St\u00e5lskog\",\"description\":\"\",\"publisher\":{\"@id\":\"https:\\\/\\\/www.stalskog.se\\\/fi\\\/#organization\"},\"potentialAction\":[{\"@type\":\"SearchAction\",\"target\":{\"@type\":\"EntryPoint\",\"urlTemplate\":\"https:\\\/\\\/www.stalskog.se\\\/fi\\\/?s={search_term_string}\"},\"query-input\":{\"@type\":\"PropertyValueSpecification\",\"valueRequired\":true,\"valueName\":\"search_term_string\"}}],\"inLanguage\":\"fi\"},{\"@type\":\"Organization\",\"@id\":\"https:\\\/\\\/www.stalskog.se\\\/fi\\\/#organization\",\"name\":\"Ragnar St\u00e5lskog\",\"url\":\"https:\\\/\\\/www.stalskog.se\\\/fi\\\/\",\"logo\":{\"@type\":\"ImageObject\",\"inLanguage\":\"fi\",\"@id\":\"https:\\\/\\\/www.stalskog.se\\\/fi\\\/#\\\/schema\\\/logo\\\/image\\\/\",\"url\":\"https:\\\/\\\/www.stalskog.se\\\/wp-content\\\/uploads\\\/2022\\\/03\\\/logo_o.png\",\"contentUrl\":\"https:\\\/\\\/www.stalskog.se\\\/wp-content\\\/uploads\\\/2022\\\/03\\\/logo_o.png\",\"width\":410,\"height\":99,\"caption\":\"Ragnar St\u00e5lskog\"},\"image\":{\"@id\":\"https:\\\/\\\/www.stalskog.se\\\/fi\\\/#\\\/schema\\\/logo\\\/image\\\/\"}}]}<\/script>\n<!-- \/ Yoast SEO plugin. -->","yoast_head_json":{"title":"Line Clamp JK27GA &#8211; Ragnar St\u00e5lskog","description":"SS 428 91 01, EN 61230 Line clamp JK 27 GA is for connection to ball-bolts \u00d8 20, \u00d8 25, \u00d8 30, T-bolts, busbars 1-25 mm, lines\/tubes \u00d8 6-25 mm. The","robots":{"index":"index","follow":"follow","max-snippet":"max-snippet:-1","max-image-preview":"max-image-preview:large","max-video-preview":"max-video-preview:-1"},"canonical":"https:\/\/www.stalskog.se\/fi\/tuote\/line-clamp-jk27ga\/","og_locale":"fi_FI","og_type":"article","og_title":"Line Clamp JK27GA &#8211; Ragnar St\u00e5lskog","og_description":"SS 428 91 01, EN 61230 Line clamp JK 27 GA is for connection to ball-bolts \u00d8 20, \u00d8 25, \u00d8 30, T-bolts, busbars 1-25 mm, lines\/tubes \u00d8 6-25 mm. The","og_url":"https:\/\/www.stalskog.se\/fi\/tuote\/line-clamp-jk27ga\/","og_site_name":"Ragnar St\u00e5lskog","article_modified_time":"2022-05-17T14:05:10+00:00","og_image":[{"width":302,"height":425,"url":"https:\/\/www.stalskog.se\/wp-content\/uploads\/2022\/05\/jk27ga.jpg","type":"image\/jpeg"}],"twitter_card":"summary_large_image","schema":{"@context":"https:\/\/schema.org","@graph":[{"@type":"WebPage","@id":"https:\/\/www.stalskog.se\/fi\/tuote\/line-clamp-jk27ga\/","url":"https:\/\/www.stalskog.se\/fi\/tuote\/line-clamp-jk27ga\/","name":"Line Clamp JK27GA &#8211; Ragnar St\u00e5lskog","isPartOf":{"@id":"https:\/\/www.stalskog.se\/fi\/#website"},"primaryImageOfPage":{"@id":"https:\/\/www.stalskog.se\/fi\/tuote\/line-clamp-jk27ga\/#primaryimage"},"image":{"@id":"https:\/\/www.stalskog.se\/fi\/tuote\/line-clamp-jk27ga\/#primaryimage"},"thumbnailUrl":"https:\/\/www.stalskog.se\/wp-content\/uploads\/2022\/05\/jk27ga.jpg","datePublished":"2022-05-17T14:03:02+00:00","dateModified":"2022-05-17T14:05:10+00:00","description":"SS 428 91 01, EN 61230 Line clamp JK 27 GA is for connection to ball-bolts \u00d8 20, \u00d8 25, \u00d8 30, T-bolts, busbars 1-25 mm, lines\/tubes \u00d8 6-25 mm. The","breadcrumb":{"@id":"https:\/\/www.stalskog.se\/fi\/tuote\/line-clamp-jk27ga\/#breadcrumb"},"inLanguage":"fi","potentialAction":[{"@type":"ReadAction","target":["https:\/\/www.stalskog.se\/fi\/tuote\/line-clamp-jk27ga\/"]}]},{"@type":"ImageObject","inLanguage":"fi","@id":"https:\/\/www.stalskog.se\/fi\/tuote\/line-clamp-jk27ga\/#primaryimage","url":"https:\/\/www.stalskog.se\/wp-content\/uploads\/2022\/05\/jk27ga.jpg","contentUrl":"https:\/\/www.stalskog.se\/wp-content\/uploads\/2022\/05\/jk27ga.jpg","width":302,"height":425},{"@type":"BreadcrumbList","@id":"https:\/\/www.stalskog.se\/fi\/tuote\/line-clamp-jk27ga\/#breadcrumb","itemListElement":[{"@type":"ListItem","position":1,"name":"Hem","item":"https:\/\/www.stalskog.se\/fi\/"},{"@type":"ListItem","position":2,"name":"Produkter","item":"https:\/\/www.stalskog.se\/?page_id=3235"},{"@type":"ListItem","position":3,"name":"4. Line-\/Earth Clamps","item":"https:\/\/www.stalskog.se\/fi\/kategoria\/line-earth-clamps-fi\/"},{"@type":"ListItem","position":4,"name":"Line Clamp JK27GA"}]},{"@type":"WebSite","@id":"https:\/\/www.stalskog.se\/fi\/#website","url":"https:\/\/www.stalskog.se\/fi\/","name":"Ragnar St\u00e5lskog","description":"","publisher":{"@id":"https:\/\/www.stalskog.se\/fi\/#organization"},"potentialAction":[{"@type":"SearchAction","target":{"@type":"EntryPoint","urlTemplate":"https:\/\/www.stalskog.se\/fi\/?s={search_term_string}"},"query-input":{"@type":"PropertyValueSpecification","valueRequired":true,"valueName":"search_term_string"}}],"inLanguage":"fi"},{"@type":"Organization","@id":"https:\/\/www.stalskog.se\/fi\/#organization","name":"Ragnar St\u00e5lskog","url":"https:\/\/www.stalskog.se\/fi\/","logo":{"@type":"ImageObject","inLanguage":"fi","@id":"https:\/\/www.stalskog.se\/fi\/#\/schema\/logo\/image\/","url":"https:\/\/www.stalskog.se\/wp-content\/uploads\/2022\/03\/logo_o.png","contentUrl":"https:\/\/www.stalskog.se\/wp-content\/uploads\/2022\/03\/logo_o.png","width":410,"height":99,"caption":"Ragnar St\u00e5lskog"},"image":{"@id":"https:\/\/www.stalskog.se\/fi\/#\/schema\/logo\/image\/"}}]}},"_links":{"self":[{"href":"https:\/\/www.stalskog.se\/fi\/wp-json\/wp\/v2\/product\/7427","targetHints":{"allow":["GET"]}}],"collection":[{"href":"https:\/\/www.stalskog.se\/fi\/wp-json\/wp\/v2\/product"}],"about":[{"href":"https:\/\/www.stalskog.se\/fi\/wp-json\/wp\/v2\/types\/product"}],"replies":[{"embeddable":true,"href":"https:\/\/www.stalskog.se\/fi\/wp-json\/wp\/v2\/comments?post=7427"}],"wp:featuredmedia":[{"embeddable":true,"href":"https:\/\/www.stalskog.se\/fi\/wp-json\/wp\/v2\/media\/7424"}],"wp:attachment":[{"href":"https:\/\/www.stalskog.se\/fi\/wp-json\/wp\/v2\/media?parent=7427"}],"wp:term":[{"taxonomy":"product_brand","embeddable":true,"href":"https:\/\/www.stalskog.se\/fi\/wp-json\/wp\/v2\/product_brand?post=7427"},{"taxonomy":"product_cat","embeddable":true,"href":"https:\/\/www.stalskog.se\/fi\/wp-json\/wp\/v2\/product_cat?post=7427"},{"taxonomy":"product_tag","embeddable":true,"href":"https:\/\/www.stalskog.se\/fi\/wp-json\/wp\/v2\/product_tag?post=7427"}],"curies":[{"name":"wp","href":"https:\/\/api.w.org\/{rel}","templated":true}]}}