{"id":9726,"date":"2022-06-02T12:45:50","date_gmt":"2022-06-02T12:45:50","guid":{"rendered":"https:\/\/www.stalskog.se\/?post_type=product&#038;p=9726"},"modified":"2022-06-02T12:45:50","modified_gmt":"2022-06-02T12:45:50","slug":"50-1000-v-ac-unitag-unitagufe","status":"publish","type":"product","link":"https:\/\/www.stalskog.se\/fi\/tuote\/50-1000-v-ac-unitag-unitagufe\/","title":{"rendered":"50 ..1000 V AC UNITAG \/ UNITAGUFE"},"content":{"rendered":"<p>CE-m\u00e4rkt, enligt IEC 60529 (DIN 40050)<br \/>\nIP 65, CAT IV, 50 &#8211; 1000 V AC, 50 Hz, 60 Hz<\/p>\n<p>1- polig sp\u00e4nningsindikator, UNITAG<br \/>\n&#8211; Vatten och fukts\u00e4ker (IP65)<br \/>\n&#8211; Akustisk signal och indikering med ljusdiod samt display som indikerar sp\u00e4nning.<br \/>\n&#8211; Anpassat f\u00f6r arbete i f\u00e4lt: skydd mot damm och vatten.<br \/>\n&#8211; Integrerat automatiskt sj\u00e4lvtest som utf\u00f6rs varje g\u00e5ng enheten sl\u00e5s p\u00e5.<br \/>\n&#8211; Tillf\u00f6rlitlig lokalisering av kabelbrott i kabelf\u00f6rl\u00e4ngningar.<br \/>\n&#8211; Hittar fasen i ett v\u00e4gguttag.<br \/>\n&#8211; Fungerar p\u00e5 ALUS samt ALUS-D.<\/p>\n","protected":false},"excerpt":{"rendered":"<p>CE-m\u00e4rkt, enligt IEC 60529 (DIN 40050) IP 65, CAT IV, 50 &#8211; 1000 V AC, 50 Hz, 60 Hz 1- polig sp\u00e4nningsindikator, UNITAG &#8211; Vatten och fukts\u00e4ker (IP65) &#8211; Akustisk signal och indikering med ljusdiod samt display som indikerar sp\u00e4nning. &#8211; Anpassat f\u00f6r arbete i f\u00e4lt: skydd mot damm och vatten. &#8211; Integrerat automatiskt sj\u00e4lvtest [&hellip;]<\/p>\n","protected":false},"featured_media":9727,"comment_status":"closed","ping_status":"closed","template":"","meta":{"_acf_changed":false},"product_brand":[],"product_cat":[32],"product_tag":[],"class_list":{"0":"post-9726","1":"product","2":"type-product","3":"status-publish","4":"has-post-thumbnail","6":"product_cat-spanning-faslikhetsprovare","8":"first","9":"instock","10":"shipping-taxable","11":"product-type-simple"},"acf":[],"yoast_head":"<!-- This site is optimized with the Yoast SEO plugin v27.5 - https:\/\/yoast.com\/product\/yoast-seo-wordpress\/ -->\n<title>50 ..1000 V AC UNITAG \/ UNITAGUFE &#8211; Ragnar St\u00e5lskog<\/title>\n<meta name=\"description\" content=\"CE-m\u00e4rkt, enligt IEC 60529 (DIN 40050) IP 65, CAT IV, 50 - 1000 V AC, 50 Hz, 60 Hz 1- polig sp\u00e4nningsindikator, UNITAG - Vatten och fukts\u00e4ker (IP65) -\" \/>\n<meta name=\"robots\" content=\"index, follow, max-snippet:-1, max-image-preview:large, max-video-preview:-1\" \/>\n<link rel=\"canonical\" href=\"https:\/\/www.stalskog.se\/fi\/tuote\/50-1000-v-ac-unitag-unitagufe\/\" \/>\n<meta property=\"og:locale\" content=\"fi_FI\" \/>\n<meta property=\"og:type\" content=\"article\" \/>\n<meta property=\"og:title\" content=\"50 ..1000 V AC UNITAG \/ UNITAGUFE &#8211; Ragnar St\u00e5lskog\" \/>\n<meta property=\"og:description\" content=\"CE-m\u00e4rkt, enligt IEC 60529 (DIN 40050) IP 65, CAT IV, 50 - 1000 V AC, 50 Hz, 60 Hz 1- polig sp\u00e4nningsindikator, UNITAG - Vatten och fukts\u00e4ker (IP65) -\" \/>\n<meta property=\"og:url\" content=\"https:\/\/www.stalskog.se\/fi\/tuote\/50-1000-v-ac-unitag-unitagufe\/\" \/>\n<meta property=\"og:site_name\" content=\"Ragnar St\u00e5lskog\" \/>\n<meta property=\"og:image\" content=\"https:\/\/www.stalskog.se\/wp-content\/uploads\/2022\/06\/unitag_norm.png\" \/>\n\t<meta property=\"og:image:width\" content=\"266\" \/>\n\t<meta property=\"og:image:height\" content=\"300\" \/>\n\t<meta property=\"og:image:type\" content=\"image\/png\" \/>\n<meta name=\"twitter:card\" content=\"summary_large_image\" \/>\n<script type=\"application\/ld+json\" class=\"yoast-schema-graph\">{\"@context\":\"https:\\\/\\\/schema.org\",\"@graph\":[{\"@type\":\"WebPage\",\"@id\":\"https:\\\/\\\/www.stalskog.se\\\/fi\\\/tuote\\\/50-1000-v-ac-unitag-unitagufe\\\/\",\"url\":\"https:\\\/\\\/www.stalskog.se\\\/fi\\\/tuote\\\/50-1000-v-ac-unitag-unitagufe\\\/\",\"name\":\"50 ..1000 V AC UNITAG \\\/ UNITAGUFE &#8211; Ragnar St\u00e5lskog\",\"isPartOf\":{\"@id\":\"https:\\\/\\\/www.stalskog.se\\\/fi\\\/#website\"},\"primaryImageOfPage\":{\"@id\":\"https:\\\/\\\/www.stalskog.se\\\/fi\\\/tuote\\\/50-1000-v-ac-unitag-unitagufe\\\/#primaryimage\"},\"image\":{\"@id\":\"https:\\\/\\\/www.stalskog.se\\\/fi\\\/tuote\\\/50-1000-v-ac-unitag-unitagufe\\\/#primaryimage\"},\"thumbnailUrl\":\"https:\\\/\\\/www.stalskog.se\\\/wp-content\\\/uploads\\\/2022\\\/06\\\/unitag_norm.png\",\"datePublished\":\"2022-06-02T12:45:50+00:00\",\"description\":\"CE-m\u00e4rkt, enligt IEC 60529 (DIN 40050) IP 65, CAT IV, 50 - 1000 V AC, 50 Hz, 60 Hz 1- polig sp\u00e4nningsindikator, UNITAG - Vatten och fukts\u00e4ker (IP65) -\",\"breadcrumb\":{\"@id\":\"https:\\\/\\\/www.stalskog.se\\\/fi\\\/tuote\\\/50-1000-v-ac-unitag-unitagufe\\\/#breadcrumb\"},\"inLanguage\":\"fi\",\"potentialAction\":[{\"@type\":\"ReadAction\",\"target\":[\"https:\\\/\\\/www.stalskog.se\\\/fi\\\/tuote\\\/50-1000-v-ac-unitag-unitagufe\\\/\"]}]},{\"@type\":\"ImageObject\",\"inLanguage\":\"fi\",\"@id\":\"https:\\\/\\\/www.stalskog.se\\\/fi\\\/tuote\\\/50-1000-v-ac-unitag-unitagufe\\\/#primaryimage\",\"url\":\"https:\\\/\\\/www.stalskog.se\\\/wp-content\\\/uploads\\\/2022\\\/06\\\/unitag_norm.png\",\"contentUrl\":\"https:\\\/\\\/www.stalskog.se\\\/wp-content\\\/uploads\\\/2022\\\/06\\\/unitag_norm.png\",\"width\":266,\"height\":300},{\"@type\":\"BreadcrumbList\",\"@id\":\"https:\\\/\\\/www.stalskog.se\\\/fi\\\/tuote\\\/50-1000-v-ac-unitag-unitagufe\\\/#breadcrumb\",\"itemListElement\":[{\"@type\":\"ListItem\",\"position\":1,\"name\":\"Hem\",\"item\":\"https:\\\/\\\/www.stalskog.se\\\/fi\\\/\"},{\"@type\":\"ListItem\",\"position\":2,\"name\":\"Produkter\",\"item\":\"https:\\\/\\\/www.stalskog.se\\\/?page_id=3235\"},{\"@type\":\"ListItem\",\"position\":3,\"name\":\"9. Voltage Detectors \\\/Phase comparator\",\"item\":\"https:\\\/\\\/www.stalskog.se\\\/fi\\\/kategoria\\\/voltage-detectors-phase-comparator-fi\\\/\"},{\"@type\":\"ListItem\",\"position\":4,\"name\":\"50 ..1000 V AC UNITAG \\\/ UNITAGUFE\"}]},{\"@type\":\"WebSite\",\"@id\":\"https:\\\/\\\/www.stalskog.se\\\/fi\\\/#website\",\"url\":\"https:\\\/\\\/www.stalskog.se\\\/fi\\\/\",\"name\":\"Ragnar St\u00e5lskog\",\"description\":\"\",\"publisher\":{\"@id\":\"https:\\\/\\\/www.stalskog.se\\\/fi\\\/#organization\"},\"potentialAction\":[{\"@type\":\"SearchAction\",\"target\":{\"@type\":\"EntryPoint\",\"urlTemplate\":\"https:\\\/\\\/www.stalskog.se\\\/fi\\\/?s={search_term_string}\"},\"query-input\":{\"@type\":\"PropertyValueSpecification\",\"valueRequired\":true,\"valueName\":\"search_term_string\"}}],\"inLanguage\":\"fi\"},{\"@type\":\"Organization\",\"@id\":\"https:\\\/\\\/www.stalskog.se\\\/fi\\\/#organization\",\"name\":\"Ragnar St\u00e5lskog\",\"url\":\"https:\\\/\\\/www.stalskog.se\\\/fi\\\/\",\"logo\":{\"@type\":\"ImageObject\",\"inLanguage\":\"fi\",\"@id\":\"https:\\\/\\\/www.stalskog.se\\\/fi\\\/#\\\/schema\\\/logo\\\/image\\\/\",\"url\":\"https:\\\/\\\/www.stalskog.se\\\/wp-content\\\/uploads\\\/2022\\\/03\\\/logo_o.png\",\"contentUrl\":\"https:\\\/\\\/www.stalskog.se\\\/wp-content\\\/uploads\\\/2022\\\/03\\\/logo_o.png\",\"width\":410,\"height\":99,\"caption\":\"Ragnar St\u00e5lskog\"},\"image\":{\"@id\":\"https:\\\/\\\/www.stalskog.se\\\/fi\\\/#\\\/schema\\\/logo\\\/image\\\/\"}}]}<\/script>\n<!-- \/ Yoast SEO plugin. -->","yoast_head_json":{"title":"50 ..1000 V AC UNITAG \/ UNITAGUFE &#8211; Ragnar St\u00e5lskog","description":"CE-m\u00e4rkt, enligt IEC 60529 (DIN 40050) IP 65, CAT IV, 50 - 1000 V AC, 50 Hz, 60 Hz 1- polig sp\u00e4nningsindikator, UNITAG - Vatten och fukts\u00e4ker (IP65) -","robots":{"index":"index","follow":"follow","max-snippet":"max-snippet:-1","max-image-preview":"max-image-preview:large","max-video-preview":"max-video-preview:-1"},"canonical":"https:\/\/www.stalskog.se\/fi\/tuote\/50-1000-v-ac-unitag-unitagufe\/","og_locale":"fi_FI","og_type":"article","og_title":"50 ..1000 V AC UNITAG \/ UNITAGUFE &#8211; Ragnar St\u00e5lskog","og_description":"CE-m\u00e4rkt, enligt IEC 60529 (DIN 40050) IP 65, CAT IV, 50 - 1000 V AC, 50 Hz, 60 Hz 1- polig sp\u00e4nningsindikator, UNITAG - Vatten och fukts\u00e4ker (IP65) -","og_url":"https:\/\/www.stalskog.se\/fi\/tuote\/50-1000-v-ac-unitag-unitagufe\/","og_site_name":"Ragnar St\u00e5lskog","og_image":[{"width":266,"height":300,"url":"https:\/\/www.stalskog.se\/wp-content\/uploads\/2022\/06\/unitag_norm.png","type":"image\/png"}],"twitter_card":"summary_large_image","schema":{"@context":"https:\/\/schema.org","@graph":[{"@type":"WebPage","@id":"https:\/\/www.stalskog.se\/fi\/tuote\/50-1000-v-ac-unitag-unitagufe\/","url":"https:\/\/www.stalskog.se\/fi\/tuote\/50-1000-v-ac-unitag-unitagufe\/","name":"50 ..1000 V AC UNITAG \/ UNITAGUFE &#8211; Ragnar St\u00e5lskog","isPartOf":{"@id":"https:\/\/www.stalskog.se\/fi\/#website"},"primaryImageOfPage":{"@id":"https:\/\/www.stalskog.se\/fi\/tuote\/50-1000-v-ac-unitag-unitagufe\/#primaryimage"},"image":{"@id":"https:\/\/www.stalskog.se\/fi\/tuote\/50-1000-v-ac-unitag-unitagufe\/#primaryimage"},"thumbnailUrl":"https:\/\/www.stalskog.se\/wp-content\/uploads\/2022\/06\/unitag_norm.png","datePublished":"2022-06-02T12:45:50+00:00","description":"CE-m\u00e4rkt, enligt IEC 60529 (DIN 40050) IP 65, CAT IV, 50 - 1000 V AC, 50 Hz, 60 Hz 1- polig sp\u00e4nningsindikator, UNITAG - Vatten och fukts\u00e4ker (IP65) -","breadcrumb":{"@id":"https:\/\/www.stalskog.se\/fi\/tuote\/50-1000-v-ac-unitag-unitagufe\/#breadcrumb"},"inLanguage":"fi","potentialAction":[{"@type":"ReadAction","target":["https:\/\/www.stalskog.se\/fi\/tuote\/50-1000-v-ac-unitag-unitagufe\/"]}]},{"@type":"ImageObject","inLanguage":"fi","@id":"https:\/\/www.stalskog.se\/fi\/tuote\/50-1000-v-ac-unitag-unitagufe\/#primaryimage","url":"https:\/\/www.stalskog.se\/wp-content\/uploads\/2022\/06\/unitag_norm.png","contentUrl":"https:\/\/www.stalskog.se\/wp-content\/uploads\/2022\/06\/unitag_norm.png","width":266,"height":300},{"@type":"BreadcrumbList","@id":"https:\/\/www.stalskog.se\/fi\/tuote\/50-1000-v-ac-unitag-unitagufe\/#breadcrumb","itemListElement":[{"@type":"ListItem","position":1,"name":"Hem","item":"https:\/\/www.stalskog.se\/fi\/"},{"@type":"ListItem","position":2,"name":"Produkter","item":"https:\/\/www.stalskog.se\/?page_id=3235"},{"@type":"ListItem","position":3,"name":"9. Voltage Detectors \/Phase comparator","item":"https:\/\/www.stalskog.se\/fi\/kategoria\/voltage-detectors-phase-comparator-fi\/"},{"@type":"ListItem","position":4,"name":"50 ..1000 V AC UNITAG \/ UNITAGUFE"}]},{"@type":"WebSite","@id":"https:\/\/www.stalskog.se\/fi\/#website","url":"https:\/\/www.stalskog.se\/fi\/","name":"Ragnar St\u00e5lskog","description":"","publisher":{"@id":"https:\/\/www.stalskog.se\/fi\/#organization"},"potentialAction":[{"@type":"SearchAction","target":{"@type":"EntryPoint","urlTemplate":"https:\/\/www.stalskog.se\/fi\/?s={search_term_string}"},"query-input":{"@type":"PropertyValueSpecification","valueRequired":true,"valueName":"search_term_string"}}],"inLanguage":"fi"},{"@type":"Organization","@id":"https:\/\/www.stalskog.se\/fi\/#organization","name":"Ragnar St\u00e5lskog","url":"https:\/\/www.stalskog.se\/fi\/","logo":{"@type":"ImageObject","inLanguage":"fi","@id":"https:\/\/www.stalskog.se\/fi\/#\/schema\/logo\/image\/","url":"https:\/\/www.stalskog.se\/wp-content\/uploads\/2022\/03\/logo_o.png","contentUrl":"https:\/\/www.stalskog.se\/wp-content\/uploads\/2022\/03\/logo_o.png","width":410,"height":99,"caption":"Ragnar St\u00e5lskog"},"image":{"@id":"https:\/\/www.stalskog.se\/fi\/#\/schema\/logo\/image\/"}}]}},"_links":{"self":[{"href":"https:\/\/www.stalskog.se\/fi\/wp-json\/wp\/v2\/product\/9726","targetHints":{"allow":["GET"]}}],"collection":[{"href":"https:\/\/www.stalskog.se\/fi\/wp-json\/wp\/v2\/product"}],"about":[{"href":"https:\/\/www.stalskog.se\/fi\/wp-json\/wp\/v2\/types\/product"}],"replies":[{"embeddable":true,"href":"https:\/\/www.stalskog.se\/fi\/wp-json\/wp\/v2\/comments?post=9726"}],"wp:featuredmedia":[{"embeddable":true,"href":"https:\/\/www.stalskog.se\/fi\/wp-json\/wp\/v2\/media\/9727"}],"wp:attachment":[{"href":"https:\/\/www.stalskog.se\/fi\/wp-json\/wp\/v2\/media?parent=9726"}],"wp:term":[{"taxonomy":"product_brand","embeddable":true,"href":"https:\/\/www.stalskog.se\/fi\/wp-json\/wp\/v2\/product_brand?post=9726"},{"taxonomy":"product_cat","embeddable":true,"href":"https:\/\/www.stalskog.se\/fi\/wp-json\/wp\/v2\/product_cat?post=9726"},{"taxonomy":"product_tag","embeddable":true,"href":"https:\/\/www.stalskog.se\/fi\/wp-json\/wp\/v2\/product_tag?post=9726"}],"curies":[{"name":"wp","href":"https:\/\/api.w.org\/{rel}","templated":true}]}}